{"id":388,"date":"2022-03-23T08:15:18","date_gmt":"2022-03-23T08:15:18","guid":{"rendered":"https:\/\/elestialmineral.com\/?page_id=388"},"modified":"2024-03-26T19:45:20","modified_gmt":"2024-03-26T18:45:20","slug":"privacy-policy","status":"publish","type":"page","link":"https:\/\/elestialmineral.com\/index.php\/privacy-policy\/","title":{"rendered":"Aviso de privacidad"},"content":{"rendered":"<p class=\"has-text-align-center\"><strong>AVISO DE PRIVACIDAD<br><\/strong>En cumplimiento al deber de resguardo de informaci\u00f3n y de datos personales y con fundamento<br>en los dispuesto por los art\u00edculos 3 fracci\u00f3n I, 8, 12, 15, 16 y dem\u00e1s relativos de la Ley Federal<br>de Protecci\u00f3n de Datos Personales en Posesi\u00f3n de Particulares, JOYERIAS DEL CARIBE SA<br>DE CV, con nombre comercial ELESTIAL MINERAL, pone a su disposici\u00f3n el presente Aviso de<br>Privacidad.<\/p><p class=\"has-text-align-center\"><br><strong>IDENTIDAD Y DOMICILIO DEL RESPONSABLE DE LA PROTECCI\u00d3N DE DATOS<br>PERSONALES<\/strong><\/p><p class=\"has-text-align-center\"><br>JOYERIAS DEL CARIBE SA DE CV, con nombre comercial ELESTIAL MINERAL, ubicado en<br>CALLE REPUBLICA DE URUGUAY No 82 LOCAL 3 COL. CENTRO CP 06000, CIUDAD DE<br>MEXICO, es la persona responsable del uso y protecci\u00f3n de sus datos personales.<\/p><p class=\"has-text-align-center\"><br><strong>DATOS PERSONALES UTILIZADOS<\/strong><br>Para llevar a cabo las finalidades descritas en este Aviso de Privacidad, haremos uso de los<br>siguientes datos personales:<br>a) Datos de contacto<br>b) Datos de identificaci\u00f3n<br>c) Datos de facturaci\u00f3n<br>d) Datos laborales<br>e) Preferencias de comunicaci\u00f3n, archivo de registro, datos tecnicos como IP, tipo de<br>navegador, proveedor de servicios de internet, paginas de referencia.<\/p><p class=\"has-text-align-center\"><br><strong>COOKIES, WEB BEACONS Y TECNOLOG\u00cdAS SIMILARES<\/strong><br>Utilizamos cookies, web beacons y\/o tecnolog\u00edas similares para mejorar su experiencia en<br>nuestro sitio web. Estas herramientas recopilan informaci\u00f3n como su direcci\u00f3n IP, tipo de<br>navegador, p\u00e1ginas visitadas y la duraci\u00f3n de su visita. Esta informaci\u00f3n se puede utilizar para<br>analizar tendencias, administrar el sitio y mejorar nuestros servicios. Puede deshabilitar estas<br>tecnolog\u00edas en la configuraci\u00f3n de su navegador, pero tenga en cuenta que esto podr\u00eda afectar<br>la funcionalidad del sitio.<\/p><p class=\"has-text-align-center\"><br><strong>MEDIDAS DE SEGURIDAD Y TIEMPO DE CONSERVACI\u00d3N<\/strong><br>Hemos implementado medidas de seguridad t\u00e9cnicas, administrativas y f\u00edsicas para resguardar<br>la seguridad de sus datos personales, cumpliendo con los est\u00e1ndares legales.<br>La retenci\u00f3n de sus datos se extender\u00e1 por un periodo de tiempo mientras se mantenga la<br>relaci\u00f3n comercial, mas el periodo de bloqueo aplicable segun las normas y leyes mexicanas<br>aplicables vigente, en consonancia con los prop\u00f3sitos expuestos en este aviso y los plazos<br>legales correspondientes.<\/p><p class=\"has-text-align-center\"><br><strong>FINALIDADES DEL TRATAMIENTO DE DATOS PERSONALES<\/strong><br>Utilizaremos los datos recabados para las siguientes finalidades, que son necesarias para el<br>servicio solicitado:<br>a) Finalidad de contacto, aclaraciones y comunicaci\u00f3n<br>b) Finalidad de facturaci\u00f3n y cobro<br>c) Finalidad de env\u00edo y entrega de productos y servicios<br>d) Finalidad de establecer una relaci\u00f3n comercial<br>e) Elaboraci\u00f3n de informes o estad\u00edsticas.<br>De manera adicional, utilizaremos su informaci\u00f3n personal para las siguientes finalidades, que<br>no son necesarias para el servicio solicitado, pero que nos permiten y facilitan brindarle una<br>mejor atenci\u00f3n:<br>a) Finalidad de enviar informaci\u00f3n promocional<br>b) Finalidad de realizar encuestas de satisfacci\u00f3n<br>c) Finalidad de uso motores de b\u00fasqueda (SEO) y para ayudarnos a comprender c\u00f3mo<br>nuestros clientes usan el sitio.<\/p><p class=\"has-text-align-center\"><br><strong>TRANSFERENCIAS DE DATOS QUE SE EFECT\u00daEN<\/strong><br>Deseamos poner en su conocimiento que sus datos personales son compartidos con las<br>siguientes personas, empresas, organizaciones y autoridades distintas a nosotros, tal como se<br>detalla a continuaci\u00f3n:<br>Motores de b\u00fasqueda (SEO).<br>Software de marketing.<br>Instituciones de gobierno autorizadas.<br>Deseamos poner en su conocimiento que sus datos personales son compartidos<br>exclusivamente para los fines descritos a continuaci\u00f3n:<br>Para impulsar nuestra tienda en l\u00ednea.<br>Para cumplir con las leyes y regulaciones aplicables, para responder a una citaci\u00f3n, orden de<br>registro u otra solicitud legal de informaci\u00f3n que recibimos, o para proteger nuestros derechos<br><strong>MEDIOS PARA EJERCER LOS DERECHOS DE ACCESO, RECTIFICACI\u00d3N,<br>CANCELACI\u00d3N U OPOSICI\u00d3N<\/strong><\/p><p class=\"has-text-align-center\"><br>Usted tiene el derecho de conocer los datos personales que tenemos sobre usted, as\u00ed como su<br>utilizaci\u00f3n y las condiciones bajo las cuales son tratados (Derecho de Acceso). De igual<br>manera, le asiste el derecho de solicitar la correcci\u00f3n de su informaci\u00f3n personal en caso de<br>estar desactualizada, inexacta o incompleta (Derecho de Rectificaci\u00f3n); requerir la eliminaci\u00f3n<br>de sus datos de nuestros registros o bases de datos si considera que su uso no concuerda con<br>los principios, deberes y obligaciones establecidos por la normativa (Derecho de Cancelaci\u00f3n);<br>as\u00ed como oponerse al tratamiento de sus datos personales para fines espec\u00edficos (Derecho de<br>Oposici\u00f3n). Estos derechos son conocidos como derechos ARCO.<br>A continuaci\u00f3n, proporcionamos los datos de contacto de la persona o departamento encargado<br>de gestionar las solicitudes relacionadas con los derechos ARCO:<br>Nombre: Area de servicio a cliente y proteccion de datos personales<\/p><p class=\"has-text-align-center\"><br>Domicilio: REPUBLICA DE URUGUAY No 82 LOCAL 3 COL. CENTRO CP 06000, CIUDAD DE<br>M\u00c9XICO<\/p><p class=\"has-text-align-center\"><br>Tel\u00e9fono: +52 55 2346 3491<\/p><p class=\"has-text-align-center\"><br>Correo electr\u00f3nico: privacidad@elestialmineral.com<\/p><p class=\"has-text-align-center\"><br>Si desea ejercer los derechos de acceso, rectificaci\u00f3n, cancelaci\u00f3n u oposici\u00f3n del tratamiento<br>de sus datos personales o limitar su divulgaci\u00f3n, puede presentar la solicitud respectiva a trav\u00e9s<br>del siguiente correo electr\u00f3nico:<br>privacidad@elestialmineral.com<br>La respuesta a su solicitud ser\u00e1 comunicada de la siguiente manera:<br>Por medio de correo electronico.<br>El plazo para brindar respuesta a su solicitud ser\u00e1 el siguiente: 20 dias habiles<br>OPCIONES Y MEDIOS QUE EL RESPONSABLE OFREZCA A LOS TITULARES PARA<br>LIMITAR EL USO O DIVULGACI\u00d3N DE LOS DATOS<\/p><p class=\"has-text-align-center\"><br>Si desea revocar el consentimiento otorgado para el tratamiento de sus datos personales o<br>limitar su divulgaci\u00f3n, puede presentar la solicitud respectiva a trav\u00e9s del siguiente correo<br>electr\u00f3nico:<br>privacidad@elestialmineral.com<br>La comunicaci\u00f3n de la respuesta a la solicitud de revocaci\u00f3n o limitaci\u00f3n de divulgaci\u00f3n de sus<br>datos se llevar\u00e1 a cabo de la siguiente forma:<br>Por medio de correo electronico.<br>La respuesta a la solicitud de revocaci\u00f3n o limitaci\u00f3n de divulgaci\u00f3n de sus datos se<br>proporcionar\u00e1 en un plazo m\u00e1ximo de: 20 d\u00edas h\u00e1biles.<\/p><p class=\"has-text-align-center\"><br><strong>CAMBIOS AL AVISO DE PRIVACIDAD<br><\/strong>El presente aviso de privacidad puede sufrir modificaciones, cambios o actualizaciones<br>derivadas de nuevos requerimientos legales; de nuestras propias necesidades por los<br>productos o servicios que ofrecemos; de nuestras pr\u00e1cticas de privacidad; de cambios en<br>nuestro modelo de negocio, o por otras causas, por lo cual, nos comprometemos a mantenerlo<br>informado sobre los cambios que pueda sufrir el presente aviso de privacidad, sin embargo,<br>usted puede solicitar informaci\u00f3n sobre si el mismo ha sufrido alg\u00fan cambio a trav\u00e9s del<br>siguiente correo electr\u00f3nico:<br>privacidad@elestialmineral.com<br>\u00daltima actualizaci\u00f3n: 23 de enero de 202<\/p>","protected":false},"excerpt":{"rendered":"<p>AVISO DE PRIVACIDADEn cumplimiento al deber de resguardo de informaci\u00f3n y de datos personales y con fundamentoen los dispuesto por los art\u00edculos 3 fracci\u00f3n I, 8, 12, 15, 16 y dem\u00e1s relativos de la Ley Federalde Protecci\u00f3n de Datos Personales en Posesi\u00f3n de Particulares, JOYERIAS DEL CARIBE SADE CV, con nombre comercial ELESTIAL MINERAL, pone [&hellip;]<\/p>\n","protected":false},"author":1,"featured_media":0,"parent":0,"menu_order":0,"comment_status":"closed","ping_status":"open","template":"","meta":{"footnotes":""},"blocksy_meta":[],"jetpack_sharing_enabled":true,"_links":{"self":[{"href":"https:\/\/elestialmineral.com\/index.php\/wp-json\/wp\/v2\/pages\/388"}],"collection":[{"href":"https:\/\/elestialmineral.com\/index.php\/wp-json\/wp\/v2\/pages"}],"about":[{"href":"https:\/\/elestialmineral.com\/index.php\/wp-json\/wp\/v2\/types\/page"}],"author":[{"embeddable":true,"href":"https:\/\/elestialmineral.com\/index.php\/wp-json\/wp\/v2\/users\/1"}],"replies":[{"embeddable":true,"href":"https:\/\/elestialmineral.com\/index.php\/wp-json\/wp\/v2\/comments?post=388"}],"version-history":[{"count":1,"href":"https:\/\/elestialmineral.com\/index.php\/wp-json\/wp\/v2\/pages\/388\/revisions"}],"predecessor-version":[{"id":790,"href":"https:\/\/elestialmineral.com\/index.php\/wp-json\/wp\/v2\/pages\/388\/revisions\/790"}],"wp:attachment":[{"href":"https:\/\/elestialmineral.com\/index.php\/wp-json\/wp\/v2\/media?parent=388"}],"curies":[{"name":"wp","href":"https:\/\/api.w.org\/{rel}","templated":true}]}}