{"id":804,"date":"2024-04-02T02:56:18","date_gmt":"2024-04-02T00:56:18","guid":{"rendered":"https:\/\/elestialmineral.com\/?page_id=804"},"modified":"2024-04-02T02:57:10","modified_gmt":"2024-04-02T00:57:10","slug":"terminos-y-condiciones","status":"publish","type":"page","link":"https:\/\/elestialmineral.com\/index.php\/terminos-y-condiciones\/","title":{"rendered":"Terminos y Condiciones"},"content":{"rendered":"<p class=\"has-text-align-center\"><strong>T\u00e9rminos y condiciones<\/strong><br>\u00a1Bienvenido a ELESTIAL MINERAL!<br>Estos t\u00e9rminos y condiciones describen las reglas y regulaciones para el uso del sitio web de<br>JOYERIAS DEL CARIBE SA DE CV, ubicado en www.elestialmineral.com.<br>Al acceder a este sitio web, asumimos que aceptas estos t\u00e9rminos y condiciones. No<br>contin\u00faes usando ELESTIAL MINERAL si no est\u00e1s de acuerdo con todos los t\u00e9rminos y<br>condiciones establecidos en esta p\u00e1gina.<br><strong>Cookies:<\/strong><br>El sitio web utiliza cookies para ayudar a personalizar tu experiencia en l\u00ednea. Al acceder a<br>ELESTIAL MINERAL, aceptaste utilizar las cookies necesarias.<br>Una cookie es un archivo de texto que un servidor de p\u00e1ginas web coloca en tu disco duro. Las<br>cookies no se pueden utilizar para ejecutar programas o enviar virus a tu computadora. Las<br>cookies se te asignan de forma exclusiva y solo un servidor web en el dominio que emiti\u00f3 la<br>cookie puede leerlas.<br>Podemos utilizar cookies para recopilar, almacenar y rastrear informaci\u00f3n con fines<br>estad\u00edsticos o de marketing para operar nuestro sitio web. Tienes la capacidad de aceptar o<br>rechazar cookies opcionales. Hay algunas cookies obligatorias que son necesarias para el<br>funcionamiento de nuestro sitio web. Estas cookies no requieren tu consentimiento ya que<br>siempre funcionan. Ten en cuenta que al aceptar las cookies requeridas, tambi\u00e9n aceptas las<br>cookies de terceros, que podr\u00edan usarse a trav\u00e9s de servicios proporcionados por terceros si<br>utilizas dichos servicios en nuestro sitio web, por ejemplo, una ventana de visualizaci\u00f3n de<br>video proporcionada por terceros e integrada en nuestro sitio web.<br><strong>Licencia:<\/strong><br>A menos que se indique lo contrario, JOYERIAS DEL CARIBE SA DE CV y\/o sus licenciantes<br>poseen los derechos de propiedad intelectual de todo el material en ELESTIAL MINERAL.<br>Todos los derechos de propiedad intelectual son reservados. Puedes acceder desde ELESTIAL<br>MINERAL para tu uso personal sujeto a las restricciones establecidas en estos t\u00e9rminos y<br>condiciones.<br><strong>No debes:<\/strong><br>\uf0b7 Copiar o volver a publicar material de ELESTIAL MINERAL<br>\uf0b7 Vender, alquilar o sublicenciar material de ELESTIAL MINERAL<br>\uf0b7 Reproducir, duplicar o copiar material de ELESTIAL MINERAL<br>\uf0b7 Redistribuir contenido de ELESTIAL MINERAL<br>Este acuerdo comenzar\u00e1 el fecha presente.<br>Partes de este sitio web ofrecen a los usuarios la oportunidad de publicar e intercambiar<br>opiniones e informaci\u00f3n en determinadas \u00e1reas. JOYERIAS DEL CARIBE SA DE CV no filtra,<br>edita, publica ni revisa los comentarios antes de su presencia en el sitio web. Los comentarios<br>no reflejan los puntos de vista ni las opiniones de JOYERIAS DEL CARIBE SA DE CV, sus<br>agentes y\/o afiliados. Los comentarios reflejan los puntos de vista y opiniones de la persona<br>que publica. En la medida en que lo permitan las leyes aplicables, JOYERIAS DEL CARIBE SA<br>DE CV no ser\u00e1 responsable de los comentarios ni de ninguna responsabilidad, da\u00f1os o gastos<br>causados o sufridos como resultado de cualquier uso o publicaci\u00f3n o apariencia de<br>comentarios en este sitio web.<br>JOYERIAS DEL CARIBE SA DE CV se reserva el derecho de monitorear todos los comentarios y<br>eliminar los que puedan considerarse inapropiados, ofensivos o que incumplan estos<br>T\u00e9rminos y Condiciones.<br><strong>Garantizas y declaras que:<\/strong><br>\uf0b7 Tienes derecho a publicar comentarios en nuestro sitio web y tienes todas las licencias<br>y consentimientos necesarios para hacerlo;<br>\uf0b7 Los comentarios no invaden ning\u00fan derecho de propiedad intelectual, incluidos, entre<br>otros, los derechos de autor, patentes o marcas comerciales de terceros;<br>\uf0b7 Los comentarios no contienen ning\u00fan material difamatorio, calumnioso, ofensivo,<br>indecente o ilegal de otro modo, que sea una invasi\u00f3n de la privacidad.<br>\uf0b7 Los comentarios no se utilizar\u00e1n para solicitar o promover negocios o actividades<br>comerciales personalizadas o presentes o actividades ilegales.<br>Por la presente, otorgas a JOYERIAS DEL CARIBE SA DE CV una licencia no exclusiva para<br>usar, reproducir, editar y autorizar a otros a usar, reproducir y editar cualquiera de tus<br>comentarios en todas y cada una de las formas, formatos, o medios.<br>Hiperv\u00ednculos a nuestro contenido:<br><strong>Las siguientes organizaciones pueden vincularse a nuestro sitio web sin aprobaci\u00f3n previa por<br>escrito:<\/strong><br>\uf0b7 Agencias gubernamentales;<br>\uf0b7 Motores de b\u00fasqueda;<br>\uf0b7 Organizaciones de noticias;<br>\uf0b7 Los distribuidores de directorios en l\u00ednea pueden vincularse a nuestro sitio web de la<br>misma manera que hacen hiperv\u00ednculos a los sitios web de otras empresas que<br>figuran en la lista; y<br>\uf0b7 Empresas acreditadas en todo el sistema, excepto que soliciten organizaciones sin<br>fines de lucro, centros comerciales de caridad y grupos de recaudaci\u00f3n de fondos de<br>caridad que no pueden hacer hiperv\u00ednculos a nuestro sitio web.<br>Estas organizaciones pueden enlazar a nuestra p\u00e1gina de inicio, a publicaciones o a otra<br>informaci\u00f3n del sitio siempre que el enlace: (a) no sea enga\u00f1oso de ninguna manera; (b) no<br>implique falsamente patrocinio, respaldo o aprobaci\u00f3n de la parte vinculante y sus productos<br>y\/o servicios; y (c) encaja en el contexto del sitio de la parte vinculante.<br>Podemos considerar y aprobar otras solicitudes de enlaces de los siguientes tipos de<br>organizaciones:<br>\uf0b7 fuentes de informaci\u00f3n de consumidores y\/o empresas com\u00fanmente conocidas;<br>\uf0b7 sitios de la comunidad .com;<br>\uf0b7 asociaciones u otros grupos que representan organizaciones ben\u00e9ficas;<br>\uf0b7 distribuidores de directorios en l\u00ednea;<br>\uf0b7 portales de Internet;<br>\uf0b7 firmas de contabilidad, derecho y consultor\u00eda; y<br>\uf0b7 instituciones educativas y asociaciones comerciales.<br>Aprobaremos las solicitudes de enlace de estas organizaciones si: (a) el enlace no nos har\u00eda<br>vernos desfavorablemente a nosotros mismos ni a nuestras empresas acreditadas; (b) la<br>organizaci\u00f3n no tiene registros negativos con nosotros; (c) el beneficio para nosotros de la<br>visibilidad del hiperv\u00ednculo compensa la ausencia de JOYERIAS DEL CARIBE SA DE CV; y (d) el<br>enlace est\u00e1 en el contexto de informaci\u00f3n general de recursos.<br>Estas organizaciones pueden enlazar a nuestra p\u00e1gina de inicio siempre que el enlace: (a) no<br>sea enga\u00f1oso de ninguna manera; (b) no implique falsamente patrocinio, respaldo o<br>aprobaci\u00f3n de la parte vinculante y sus productos o servicios; y (c) encaja en el contexto del<br>sitio de la parte vinculante.<br>Si eres una de las organizaciones enumeradas en el p\u00e1rrafo 2 y est\u00e1s interesada en vincularte<br>a nuestro sitio web, debes informarnos enviando un correo electr\u00f3nico a JOYERIAS DEL<br>CARIBE SA DE CV. Incluye tu nombre, el nombre de tu organizaci\u00f3n, la informaci\u00f3n de<br>contacto, as\u00ed como la URL de tu sitio, una lista de las URL desde las que tienes la intenci\u00f3n de<br>vincular a nuestro sitio web y una lista de las URL de nuestro sitio a las que te gustar\u00eda<br>acceder. Espera 2-3 semanas para recibir una respuesta.<br><strong>Las organizaciones aprobadas pueden hacer hiperv\u00ednculos a nuestro sitio web de la siguiente<br>manera:<\/strong><br>\uf0b7 Mediante el uso de nuestro nombre corporativo; o<br>\uf0b7 Mediante el uso del localizador uniforme de recursos al que se est\u00e1 vinculando; o<br>\uf0b7 Usar cualquier otra descripci\u00f3n de nuestro sitio web al que est\u00e1 vinculado que tenga<br>sentido dentro del contexto y formato del contenido en el sitio de la parte vinculante.<br>No se permitir\u00e1 el uso del logotipo de JOYERIAS DEL CARIBE SA DE CV u otro material gr\u00e1fico<br>para vincular sin un acuerdo de licencia de marca comercial.<br>Responsabilidad del contenido:<br>No seremos responsables de ning\u00fan contenido que aparezca en tu sitio web. Aceptas<br>protegernos y defendernos contra todas las reclamaciones que se presenten en tu sitio web.<br>Ning\u00fan enlace(s) debe aparecer en ning\u00fan sitio web que pueda interpretarse como<br>difamatorio, obsceno o criminal, o que infrinja, de otra manera viole o defienda la infracci\u00f3n u<br>otra violaci\u00f3n de los derechos de terceros.<br><strong>Reserva de derechos:<\/strong><br>Nos reservamos el derecho de solicitar que elimines todos los enlaces o cualquier enlace en<br>particular a nuestro sitio web. Apruebas eliminar de inmediato todos los enlaces a nuestro<br>sitio web cuando se solicite. Tambi\u00e9n nos reservamos el derecho de modificar estos t\u00e9rminos<br>y condiciones y su pol\u00edtica de enlaces en cualquier momento. Al vincular continuamente a<br>nuestro sitio web, aceptas estar vinculado y seguir estos t\u00e9rminos y condiciones de<br>vinculaci\u00f3n.<br><strong>Eliminaci\u00f3n de enlaces de nuestro sitio web:<\/strong><br>Si encuentras alg\u00fan enlace en nuestro sitio que sea ofensivo por cualquier motivo, puedes<br>contactarnos e informarnos en cualquier momento. Consideraremos las solicitudes para<br>eliminar enlaces, pero no estamos obligados a hacerlo ni a responder directamente.<br>No nos aseguramos de que la informaci\u00f3n de este sitio web sea correcta. No garantizamos su<br>integridad o precisi\u00f3n, ni prometemos asegurarnos de que el sitio web permanezca disponible<br>o que el material en el sitio se mantenga actualizado.<br><strong>Exenci\u00f3n de responsabilidad:<\/strong><br>En la medida m\u00e1xima permitida por la ley aplicable, excluimos todas las representaciones,<br>garant\u00edas y condiciones relacionadas con nuestro sitio web y el uso de este. Nada en este<br>descargo de responsabilidad:<br>\uf0b7 limitar\u00e1 o excluir\u00e1 nuestra responsabilidad o la tuya por muerte o lesiones personales;<br>\uf0b7 limitar\u00e1 o excluir\u00e1 nuestra responsabilidad o la tuya por fraude o tergiversaci\u00f3n<br>fraudulenta;<br>\uf0b7 limitar\u00e1 cualquiera de nuestras responsabilidades o las tuyas de cualquier manera que<br>no est\u00e9 permitida por la ley aplicable; o<br>\uf0b7 excluir\u00e1 cualquiera de nuestras responsabilidades o las tuyas que no puedan estar<br>excluidas seg\u00fan la ley aplicable.<br>Las limitaciones y prohibiciones de responsabilidad establecidas en esta secci\u00f3n y en otras<br>partes de este descargo de responsabilidad: (a) est\u00e1n sujetas al p\u00e1rrafo anterior; y (b) regir\u00e1<br>todas las responsabilidades que surjan en virtud de la exenci\u00f3n de responsabilidad, incluidas<br>las responsabilidades que surjan en el contrato, en agravio y por incumplimiento de la<br>obligaci\u00f3n legal.<br>Siempre que el sitio web y la informaci\u00f3n y los servicios en el sitio se proporcionen de forma<br>gratuita, no seremos responsables de ninguna p\u00e9rdida o da\u00f1o de cualquier naturaleza.<\/p><p class=\"has-text-align-center\"><strong>Las transacciones dentro del sitio se llevaran a cabo mediante la pasarela de pago de Openpay.<\/strong><\/p>","protected":false},"excerpt":{"rendered":"<p>T\u00e9rminos y condiciones\u00a1Bienvenido a ELESTIAL MINERAL!Estos t\u00e9rminos y condiciones describen las reglas y regulaciones para el uso del sitio web deJOYERIAS DEL CARIBE SA DE CV, ubicado en www.elestialmineral.com.Al acceder a este sitio web, asumimos que aceptas estos t\u00e9rminos y condiciones. Nocontin\u00faes usando ELESTIAL MINERAL si no est\u00e1s de acuerdo con todos los t\u00e9rminos ycondiciones [&hellip;]<\/p>\n","protected":false},"author":1,"featured_media":0,"parent":0,"menu_order":0,"comment_status":"closed","ping_status":"closed","template":"","meta":{"footnotes":""},"blocksy_meta":[],"jetpack_sharing_enabled":true,"_links":{"self":[{"href":"https:\/\/elestialmineral.com\/index.php\/wp-json\/wp\/v2\/pages\/804"}],"collection":[{"href":"https:\/\/elestialmineral.com\/index.php\/wp-json\/wp\/v2\/pages"}],"about":[{"href":"https:\/\/elestialmineral.com\/index.php\/wp-json\/wp\/v2\/types\/page"}],"author":[{"embeddable":true,"href":"https:\/\/elestialmineral.com\/index.php\/wp-json\/wp\/v2\/users\/1"}],"replies":[{"embeddable":true,"href":"https:\/\/elestialmineral.com\/index.php\/wp-json\/wp\/v2\/comments?post=804"}],"version-history":[{"count":2,"href":"https:\/\/elestialmineral.com\/index.php\/wp-json\/wp\/v2\/pages\/804\/revisions"}],"predecessor-version":[{"id":807,"href":"https:\/\/elestialmineral.com\/index.php\/wp-json\/wp\/v2\/pages\/804\/revisions\/807"}],"wp:attachment":[{"href":"https:\/\/elestialmineral.com\/index.php\/wp-json\/wp\/v2\/media?parent=804"}],"curies":[{"name":"wp","href":"https:\/\/api.w.org\/{rel}","templated":true}]}}